{"id":1755,"date":"2020-12-08T12:03:12","date_gmt":"2020-12-08T11:03:12","guid":{"rendered":"https:\/\/frimed.de\/index.php\/sobre-nosotros\/"},"modified":"2023-12-12T08:56:12","modified_gmt":"2023-12-12T07:56:12","slug":"sobre-nosotros","status":"publish","type":"page","link":"https:\/\/frimed.de\/es\/index.php\/sobre-nosotros\/","title":{"rendered":"Sobre nosotros"},"content":{"rendered":"\t\t<div data-elementor-type=\"wp-post\" data-elementor-id=\"1755\" class=\"elementor elementor-1755 elementor-9\">\n\t\t\t\t\t\t<section class=\"elementor-section elementor-top-section elementor-element elementor-element-2c87e08e elementor-section-height-min-height elementor-section-boxed elementor-section-height-default elementor-section-items-middle\" data-id=\"2c87e08e\" data-element_type=\"section\" data-e-type=\"section\" data-settings=\"{&quot;background_background&quot;:&quot;classic&quot;}\">\n\t\t\t\t\t\t<div class=\"elementor-container elementor-column-gap-default\">\n\t\t\t\t\t<div class=\"elementor-column elementor-col-100 elementor-top-column elementor-element elementor-element-76973839\" data-id=\"76973839\" data-element_type=\"column\" data-e-type=\"column\">\n\t\t\t<div class=\"elementor-widget-wrap elementor-element-populated\">\n\t\t\t\t\t\t<div class=\"elementor-element elementor-element-4ff40682 elementor-widget elementor-widget-spacer\" data-id=\"4ff40682\" data-element_type=\"widget\" data-e-type=\"widget\" data-widget_type=\"spacer.default\">\n\t\t\t\t<div class=\"elementor-widget-container\">\n\t\t\t\t\t\t\t<div class=\"elementor-spacer\">\n\t\t\t<div class=\"elementor-spacer-inner\"><\/div>\n\t\t<\/div>\n\t\t\t\t\t\t<\/div>\n\t\t\t\t<\/div>\n\t\t\t\t\t<\/div>\n\t\t<\/div>\n\t\t\t\t\t<\/div>\n\t\t<\/section>\n\t\t\t\t<section class=\"elementor-section elementor-top-section elementor-element elementor-element-975b769 elementor-section-boxed elementor-section-height-default elementor-section-height-default\" data-id=\"975b769\" data-element_type=\"section\" data-e-type=\"section\">\n\t\t\t\t\t\t<div class=\"elementor-container elementor-column-gap-default\">\n\t\t\t\t\t<div class=\"elementor-column elementor-col-50 elementor-top-column elementor-element elementor-element-290cb83c\" data-id=\"290cb83c\" data-element_type=\"column\" data-e-type=\"column\">\n\t\t\t<div class=\"elementor-widget-wrap elementor-element-populated\">\n\t\t\t\t\t\t<div class=\"elementor-element elementor-element-7b4cd9af elementor-widget elementor-widget-heading\" data-id=\"7b4cd9af\" data-element_type=\"widget\" data-e-type=\"widget\" data-widget_type=\"heading.default\">\n\t\t\t\t<div class=\"elementor-widget-container\">\n\t\t\t\t\t<h1 class=\"elementor-heading-title elementor-size-default\">Frimed - as\u00ed somos\n<\/h1>\t\t\t\t<\/div>\n\t\t\t\t<\/div>\n\t\t\t\t<div class=\"elementor-element elementor-element-5e43655c elementor-widget elementor-widget-text-editor\" data-id=\"5e43655c\" data-element_type=\"widget\" data-e-type=\"widget\" data-widget_type=\"text-editor.default\">\n\t\t\t\t<div class=\"elementor-widget-container\">\n\t\t\t\t\t\t\t\t\t<p>La empresa Frimed tiene su sede social desde ya hace 25 a\u00f1os justo en el coraz\u00f3n del centro mundial de la t\u00e9cnica m\u00e9dica en Tuttlingen.<\/p><p>Nos hemos especializado en suministrar a nuestra cartera de clientes, que se encuentra en constante crecimiento, instrumentos quir\u00fargicos, que comercializamos como productos OEM o bajo nuestro propio nombre (marca privada). Desde nuestra fundaci\u00f3n hemos crecido y evolucionado constantemente para poderle abastecer siempre con instrumental altamente cualitativo a precios atractivos.<\/p><p>Nuestras trabajadoras y nuestros trabajadores colaboran conjuntamente como equipo absolutamente compenetrado. La mayor\u00eda de compa\u00f1eros tiene d\u00e9cadas de experiencia en el sector y cada uno de ellos es un experto en su materia.<\/p><p>Solamente as\u00ed es posible poner a disposici\u00f3n de nuestros clientes, es decir, tambi\u00e9n de usted, a corto plazo los mejores instrumentos quir\u00fargicos de muchas especialidades m\u00e9dicas diferentes.<\/p>\t\t\t\t\t\t\t\t<\/div>\n\t\t\t\t<\/div>\n\t\t\t\t\t<\/div>\n\t\t<\/div>\n\t\t\t\t<div class=\"elementor-column elementor-col-50 elementor-top-column elementor-element elementor-element-7c768ed9\" data-id=\"7c768ed9\" data-element_type=\"column\" data-e-type=\"column\">\n\t\t\t<div class=\"elementor-widget-wrap elementor-element-populated\">\n\t\t\t\t\t\t<div class=\"elementor-element elementor-element-15aaac5c elementor-widget elementor-widget-image\" data-id=\"15aaac5c\" data-element_type=\"widget\" data-e-type=\"widget\" data-widget_type=\"image.default\">\n\t\t\t\t<div class=\"elementor-widget-container\">\n\t\t\t\t\t\t\t\t\t\t\t\t\t\t\t<img fetchpriority=\"high\" decoding=\"async\" width=\"804\" height=\"1024\" src=\"https:\/\/frimed.de\/wp-content\/uploads\/2022\/11\/Tobias-Schwoy-804x1024.jpg\" class=\"attachment-large size-large wp-image-2475\" alt=\"\" srcset=\"https:\/\/frimed.de\/wp-content\/uploads\/2022\/11\/Tobias-Schwoy-804x1024.jpg 804w, https:\/\/frimed.de\/wp-content\/uploads\/2022\/11\/Tobias-Schwoy-236x300.jpg 236w, https:\/\/frimed.de\/wp-content\/uploads\/2022\/11\/Tobias-Schwoy-768x978.jpg 768w, https:\/\/frimed.de\/wp-content\/uploads\/2022\/11\/Tobias-Schwoy-1206x1536.jpg 1206w, https:\/\/frimed.de\/wp-content\/uploads\/2022\/11\/Tobias-Schwoy-1608x2048.jpg 1608w, https:\/\/frimed.de\/wp-content\/uploads\/2022\/11\/Tobias-Schwoy.jpg 2000w\" sizes=\"(max-width: 804px) 100vw, 804px\" \/>\t\t\t\t\t\t\t\t\t\t\t\t\t\t\t<\/div>\n\t\t\t\t<\/div>\n\t\t\t\t<div class=\"elementor-element elementor-element-4e8d27d4 elementor-widget elementor-widget-text-editor\" data-id=\"4e8d27d4\" data-element_type=\"widget\" data-e-type=\"widget\" data-widget_type=\"text-editor.default\">\n\t\t\t\t<div class=\"elementor-widget-container\">\n\t\t\t\t\t\t\t\t\t<p>Tobias Schwoy<br \/>Managing Director<\/p>\t\t\t\t\t\t\t\t<\/div>\n\t\t\t\t<\/div>\n\t\t\t\t\t<\/div>\n\t\t<\/div>\n\t\t\t\t\t<\/div>\n\t\t<\/section>\n\t\t\t\t<section class=\"elementor-section elementor-top-section elementor-element elementor-element-67fca651 elementor-section-height-min-height elementor-section-boxed elementor-section-height-default elementor-section-items-middle\" data-id=\"67fca651\" data-element_type=\"section\" data-e-type=\"section\" data-settings=\"{&quot;background_background&quot;:&quot;classic&quot;}\">\n\t\t\t\t\t\t<div class=\"elementor-container elementor-column-gap-default\">\n\t\t\t\t\t<div class=\"elementor-column elementor-col-50 elementor-top-column elementor-element elementor-element-15bf9081\" data-id=\"15bf9081\" data-element_type=\"column\" data-e-type=\"column\">\n\t\t\t<div class=\"elementor-widget-wrap elementor-element-populated\">\n\t\t\t\t\t\t<div class=\"elementor-element elementor-element-26c18121 elementor-widget elementor-widget-heading\" data-id=\"26c18121\" data-element_type=\"widget\" data-e-type=\"widget\" data-widget_type=\"heading.default\">\n\t\t\t\t<div class=\"elementor-widget-container\">\n\t\t\t\t\t<h1 class=\"elementor-heading-title elementor-size-default\">Trata a cada cliente como t\u00fa mismo deseas\nser tratado como cliente.<\/h1>\t\t\t\t<\/div>\n\t\t\t\t<\/div>\n\t\t\t\t\t<\/div>\n\t\t<\/div>\n\t\t\t\t<div class=\"elementor-column elementor-col-50 elementor-top-column elementor-element elementor-element-16184a18\" data-id=\"16184a18\" data-element_type=\"column\" data-e-type=\"column\">\n\t\t\t<div class=\"elementor-widget-wrap\">\n\t\t\t\t\t\t\t<\/div>\n\t\t<\/div>\n\t\t\t\t\t<\/div>\n\t\t<\/section>\n\t\t\t\t<\/div>\n\t\t","protected":false},"excerpt":{"rendered":"<p>Frimed &#8211; as\u00ed somos La empresa Frimed tiene su sede social desde ya hace 25 a\u00f1os justo en el coraz\u00f3n del centro mundial de la t\u00e9cnica m\u00e9dica en Tuttlingen. Nos hemos especializado en suministrar a nuestra cartera de clientes, que &hellip; <a class=\"kt-excerpt-readmore\" href=\"https:\/\/frimed.de\/es\/index.php\/sobre-nosotros\/\" aria-label=\"Sobre nosotros\">Leer m&aacute;s<\/a><\/p>\n","protected":false},"author":1,"featured_media":0,"parent":0,"menu_order":6,"comment_status":"closed","ping_status":"closed","template":"elementor_header_footer","meta":{"footnotes":""},"class_list":["post-1755","page","type-page","status-publish","hentry"],"_links":{"self":[{"href":"https:\/\/frimed.de\/es\/index.php\/wp-json\/wp\/v2\/pages\/1755","targetHints":{"allow":["GET"]}}],"collection":[{"href":"https:\/\/frimed.de\/es\/index.php\/wp-json\/wp\/v2\/pages"}],"about":[{"href":"https:\/\/frimed.de\/es\/index.php\/wp-json\/wp\/v2\/types\/page"}],"author":[{"embeddable":true,"href":"https:\/\/frimed.de\/es\/index.php\/wp-json\/wp\/v2\/users\/1"}],"replies":[{"embeddable":true,"href":"https:\/\/frimed.de\/es\/index.php\/wp-json\/wp\/v2\/comments?post=1755"}],"version-history":[{"count":0,"href":"https:\/\/frimed.de\/es\/index.php\/wp-json\/wp\/v2\/pages\/1755\/revisions"}],"wp:attachment":[{"href":"https:\/\/frimed.de\/es\/index.php\/wp-json\/wp\/v2\/media?parent=1755"}],"curies":[{"name":"wp","href":"https:\/\/api.w.org\/{rel}","templated":true}]}}