{"id":1752,"date":"2020-12-08T11:59:04","date_gmt":"2020-12-08T10:59:04","guid":{"rendered":"https:\/\/frimed.de\/index.php\/aviso-legal\/"},"modified":"2024-05-13T14:27:21","modified_gmt":"2024-05-13T12:27:21","slug":"aviso-legal","status":"publish","type":"page","link":"https:\/\/frimed.de\/es\/index.php\/aviso-legal\/","title":{"rendered":"Aviso legal"},"content":{"rendered":"\t\t<div data-elementor-type=\"wp-post\" data-elementor-id=\"1752\" class=\"elementor elementor-1752 elementor-1174\">\n\t\t\t\t\t\t<section class=\"elementor-section elementor-top-section elementor-element elementor-element-7b77a0ad elementor-section-height-min-height elementor-section-boxed elementor-section-height-default elementor-section-items-middle\" data-id=\"7b77a0ad\" data-element_type=\"section\" data-e-type=\"section\" data-settings=\"{&quot;background_background&quot;:&quot;classic&quot;}\">\n\t\t\t\t\t\t<div class=\"elementor-container elementor-column-gap-default\">\n\t\t\t\t\t<div class=\"elementor-column elementor-col-100 elementor-top-column elementor-element elementor-element-668f342e\" data-id=\"668f342e\" data-element_type=\"column\" data-e-type=\"column\">\n\t\t\t<div class=\"elementor-widget-wrap elementor-element-populated\">\n\t\t\t\t\t\t<div class=\"elementor-element elementor-element-4dc3b2c0 elementor-widget elementor-widget-spacer\" data-id=\"4dc3b2c0\" data-element_type=\"widget\" data-e-type=\"widget\" data-widget_type=\"spacer.default\">\n\t\t\t\t<div class=\"elementor-widget-container\">\n\t\t\t\t\t\t\t<div class=\"elementor-spacer\">\n\t\t\t<div class=\"elementor-spacer-inner\"><\/div>\n\t\t<\/div>\n\t\t\t\t\t\t<\/div>\n\t\t\t\t<\/div>\n\t\t\t\t\t<\/div>\n\t\t<\/div>\n\t\t\t\t\t<\/div>\n\t\t<\/section>\n\t\t\t\t<section class=\"elementor-section elementor-top-section elementor-element elementor-element-2ef440ef elementor-section-boxed elementor-section-height-default elementor-section-height-default\" data-id=\"2ef440ef\" data-element_type=\"section\" data-e-type=\"section\">\n\t\t\t\t\t\t<div class=\"elementor-container elementor-column-gap-default\">\n\t\t\t\t\t<div class=\"elementor-column elementor-col-100 elementor-top-column elementor-element elementor-element-7511780b\" data-id=\"7511780b\" data-element_type=\"column\" data-e-type=\"column\">\n\t\t\t<div class=\"elementor-widget-wrap elementor-element-populated\">\n\t\t\t\t\t\t<div class=\"elementor-element elementor-element-514e7528 elementor-widget elementor-widget-heading\" data-id=\"514e7528\" data-element_type=\"widget\" data-e-type=\"widget\" data-widget_type=\"heading.default\">\n\t\t\t\t<div class=\"elementor-widget-container\">\n\t\t\t\t\t<h1 class=\"elementor-heading-title elementor-size-default\">Aviso Legal<\/h1>\t\t\t\t<\/div>\n\t\t\t\t<\/div>\n\t\t\t\t\t<\/div>\n\t\t<\/div>\n\t\t\t\t\t<\/div>\n\t\t<\/section>\n\t\t\t\t<section class=\"elementor-section elementor-top-section elementor-element elementor-element-cb0e7dc elementor-section-boxed elementor-section-height-default elementor-section-height-default\" data-id=\"cb0e7dc\" data-element_type=\"section\" data-e-type=\"section\">\n\t\t\t\t\t\t<div class=\"elementor-container elementor-column-gap-default\">\n\t\t\t\t\t<div class=\"elementor-column elementor-col-100 elementor-top-column elementor-element elementor-element-7644ff7\" data-id=\"7644ff7\" data-element_type=\"column\" data-e-type=\"column\">\n\t\t\t<div class=\"elementor-widget-wrap elementor-element-populated\">\n\t\t\t\t\t\t<div class=\"elementor-element elementor-element-c0d00af elementor-widget elementor-widget-text-editor\" data-id=\"c0d00af\" data-element_type=\"widget\" data-e-type=\"widget\" data-widget_type=\"text-editor.default\">\n\t\t\t\t<div class=\"elementor-widget-container\">\n\t\t\t\t\t\t\t\t\t<p><strong>Frimed Medizintechnik GmbH<\/strong><br>Junkersstra\u00dfe 1<br>D-78532 Tuttlingen<br>Germany<\/p>\n<p>Tel\u00e9fono: 0 74 61 \/ 9 66 18-40<br>Fax: 0 74 61 \/ 9 66 18-50<br>E-Mail: info@frimed.de<br>Internet&nbsp;<a href=\"https:\/\/frimed.de\/es\/inicio.html\">www.frimed.de<\/a><\/p>\n<p>Director Gerente: Tobias Schwoy<br>Reg\u00edstrese corte: Amtsgericht Stuttgart<br>N\u00famero de registro: HRB Nr. 450 815<br>N\u00famero de identificaci\u00f3n fiscal seg\u00fan \u00a7 27<br>Ley del Impuesto sobre el Valor A\u00f1adido: DE 811 666 728<\/p>\n<p><strong>Aviso de responsabilidad:<\/strong><br>A pesar de control del texto cuidadoso no asumimos ninguna responsabilidad por el contenido de los enlaces externos. El \u00fanico responsable por el contenido de las p\u00e1ginas enlazadas exclusivamente es su operardor.<\/p>\t\t\t\t\t\t\t\t<\/div>\n\t\t\t\t<\/div>\n\t\t\t\t\t<\/div>\n\t\t<\/div>\n\t\t\t\t\t<\/div>\n\t\t<\/section>\n\t\t\t\t<\/div>\n\t\t","protected":false},"excerpt":{"rendered":"<p>Aviso Legal Frimed Medizintechnik GmbHJunkersstra\u00dfe 1D-78532 TuttlingenGermany Tel\u00e9fono: 0 74 61 \/ 9 66 18-40Fax: 0 74 61 \/ 9 66 18-50E-Mail: info@frimed.deInternet&nbsp;www.frimed.de Director Gerente: Tobias SchwoyReg\u00edstrese corte: Amtsgericht StuttgartN\u00famero de registro: HRB Nr. 450 815N\u00famero de identificaci\u00f3n fiscal seg\u00fan &hellip; <a class=\"kt-excerpt-readmore\" href=\"https:\/\/frimed.de\/es\/index.php\/aviso-legal\/\" aria-label=\"Aviso legal\">Leer m&aacute;s<\/a><\/p>\n","protected":false},"author":1,"featured_media":0,"parent":0,"menu_order":8,"comment_status":"closed","ping_status":"closed","template":"elementor_header_footer","meta":{"footnotes":""},"class_list":["post-1752","page","type-page","status-publish","hentry"],"_links":{"self":[{"href":"https:\/\/frimed.de\/es\/index.php\/wp-json\/wp\/v2\/pages\/1752","targetHints":{"allow":["GET"]}}],"collection":[{"href":"https:\/\/frimed.de\/es\/index.php\/wp-json\/wp\/v2\/pages"}],"about":[{"href":"https:\/\/frimed.de\/es\/index.php\/wp-json\/wp\/v2\/types\/page"}],"author":[{"embeddable":true,"href":"https:\/\/frimed.de\/es\/index.php\/wp-json\/wp\/v2\/users\/1"}],"replies":[{"embeddable":true,"href":"https:\/\/frimed.de\/es\/index.php\/wp-json\/wp\/v2\/comments?post=1752"}],"version-history":[{"count":0,"href":"https:\/\/frimed.de\/es\/index.php\/wp-json\/wp\/v2\/pages\/1752\/revisions"}],"wp:attachment":[{"href":"https:\/\/frimed.de\/es\/index.php\/wp-json\/wp\/v2\/media?parent=1752"}],"curies":[{"name":"wp","href":"https:\/\/api.w.org\/{rel}","templated":true}]}}