{"id":1734,"date":"2020-12-08T11:32:32","date_gmt":"2020-12-08T10:32:32","guid":{"rendered":"https:\/\/frimed.de\/index.php\/servicio\/"},"modified":"2023-12-12T08:56:12","modified_gmt":"2023-12-12T07:56:12","slug":"servicio","status":"publish","type":"page","link":"https:\/\/frimed.de\/es\/index.php\/servicio\/","title":{"rendered":"Servicio"},"content":{"rendered":"\t\t<div data-elementor-type=\"wp-post\" data-elementor-id=\"1734\" class=\"elementor elementor-1734 elementor-1162\">\n\t\t\t\t\t\t<section class=\"elementor-section elementor-top-section elementor-element elementor-element-69baab59 elementor-section-height-min-height elementor-section-boxed elementor-section-height-default elementor-section-items-middle\" data-id=\"69baab59\" data-element_type=\"section\" data-e-type=\"section\" data-settings=\"{&quot;background_background&quot;:&quot;classic&quot;}\">\n\t\t\t\t\t\t<div class=\"elementor-container elementor-column-gap-default\">\n\t\t\t\t\t<div class=\"elementor-column elementor-col-100 elementor-top-column elementor-element elementor-element-1966262c\" data-id=\"1966262c\" data-element_type=\"column\" data-e-type=\"column\">\n\t\t\t<div class=\"elementor-widget-wrap elementor-element-populated\">\n\t\t\t\t\t\t<div class=\"elementor-element elementor-element-46dae039 elementor-widget elementor-widget-spacer\" data-id=\"46dae039\" data-element_type=\"widget\" data-e-type=\"widget\" data-widget_type=\"spacer.default\">\n\t\t\t\t<div class=\"elementor-widget-container\">\n\t\t\t\t\t\t\t<div class=\"elementor-spacer\">\n\t\t\t<div class=\"elementor-spacer-inner\"><\/div>\n\t\t<\/div>\n\t\t\t\t\t\t<\/div>\n\t\t\t\t<\/div>\n\t\t\t\t\t<\/div>\n\t\t<\/div>\n\t\t\t\t\t<\/div>\n\t\t<\/section>\n\t\t\t\t<section class=\"elementor-section elementor-top-section elementor-element elementor-element-5ac4a104 elementor-section-boxed elementor-section-height-default elementor-section-height-default\" data-id=\"5ac4a104\" data-element_type=\"section\" data-e-type=\"section\">\n\t\t\t\t\t\t<div class=\"elementor-container elementor-column-gap-default\">\n\t\t\t\t\t<div class=\"elementor-column elementor-col-100 elementor-top-column elementor-element elementor-element-67ed409a\" data-id=\"67ed409a\" data-element_type=\"column\" data-e-type=\"column\">\n\t\t\t<div class=\"elementor-widget-wrap elementor-element-populated\">\n\t\t\t\t\t\t<div class=\"elementor-element elementor-element-556bc238 elementor-widget elementor-widget-heading\" data-id=\"556bc238\" data-element_type=\"widget\" data-e-type=\"widget\" data-widget_type=\"heading.default\">\n\t\t\t\t<div class=\"elementor-widget-container\">\n\t\t\t\t\t<h1 class=\"elementor-heading-title elementor-size-default\">En FRIMED, el SERVICIO se escribe con may\u00fasculas<\/h1>\t\t\t\t<\/div>\n\t\t\t\t<\/div>\n\t\t\t\t<section class=\"elementor-section elementor-inner-section elementor-element elementor-element-7dafd5a7 elementor-section-boxed elementor-section-height-default elementor-section-height-default\" data-id=\"7dafd5a7\" data-element_type=\"section\" data-e-type=\"section\">\n\t\t\t\t\t\t<div class=\"elementor-container elementor-column-gap-default\">\n\t\t\t\t\t<div class=\"elementor-column elementor-col-50 elementor-inner-column elementor-element elementor-element-7d6ab79c\" data-id=\"7d6ab79c\" data-element_type=\"column\" data-e-type=\"column\">\n\t\t\t<div class=\"elementor-widget-wrap elementor-element-populated\">\n\t\t\t\t\t\t<div class=\"elementor-element elementor-element-431b134c elementor-widget elementor-widget-text-editor\" data-id=\"431b134c\" data-element_type=\"widget\" data-e-type=\"widget\" data-widget_type=\"text-editor.default\">\n\t\t\t\t<div class=\"elementor-widget-container\">\n\t\t\t\t\t\t\t\t\t<p>La cartera de productos de FRIMED contiene instrumentos quir\u00fargicos para todas las especialidades quir\u00fargicas habituales, como la ginecolog\u00eda, urolog\u00eda, cirug\u00eda vascular, otolog\u00eda, rinolog\u00eda, dermatolog\u00eda, neurocirug\u00eda, etc.<\/p><p>Los flujos de trabajo sistem\u00e1ticos encadenados unos con otros hacen posible una r\u00e1pida tramitaci\u00f3n y ejecuci\u00f3n de los pedidos, lo que nos ha hecho ganar una buena reputaci\u00f3n entre nuestros clientes de cartera a lo largo de los a\u00f1os.<br \/>El bien abastecido almac\u00e9n de FRIMED hace posible una gran disponibilidad y env\u00edo diario.<\/p><p>Si usted necesita o desea un presupuesto, nuestro Departamento de Presupuestos se esfuerza constantemente en enviarle el presupuesto inmediatamente en la medida de lo posible.<\/p><p>Todos nuestros grupos de productos est\u00e1n recogidos en nuestro cat\u00e1logo principal <a href=\"https:\/\/frimed.de\/wp-content\/uploads\/Kataloge\/FRIM_Katalog_web.pdf\" target=\"_blank\" rel=\"noopener\">FRIMED \u00abINSTRUMENTOS QUIR\u00daRGICOS\u201c.<\/a><\/p><p>Sie tiene m\u00e1s preguntas, por favor env\u00edenos un <a href=\"mailto:info@frimed.de\">E-Mail.<\/a><\/p>\t\t\t\t\t\t\t\t<\/div>\n\t\t\t\t<\/div>\n\t\t\t\t\t<\/div>\n\t\t<\/div>\n\t\t\t\t<div class=\"elementor-column elementor-col-50 elementor-inner-column elementor-element elementor-element-68ee9a35\" data-id=\"68ee9a35\" data-element_type=\"column\" data-e-type=\"column\">\n\t\t\t<div class=\"elementor-widget-wrap elementor-element-populated\">\n\t\t\t\t\t\t<div class=\"elementor-element elementor-element-25abdfad elementor-widget elementor-widget-image\" data-id=\"25abdfad\" data-element_type=\"widget\" data-e-type=\"widget\" data-widget_type=\"image.default\">\n\t\t\t\t<div class=\"elementor-widget-container\">\n\t\t\t\t\t\t\t\t\t\t\t\t\t\t\t<img fetchpriority=\"high\" decoding=\"async\" width=\"1024\" height=\"1024\" src=\"https:\/\/frimed.de\/wp-content\/uploads\/2022\/11\/Laser_square-1024x1024.jpg\" class=\"attachment-large size-large wp-image-2481\" alt=\"\" srcset=\"https:\/\/frimed.de\/wp-content\/uploads\/2022\/11\/Laser_square-1024x1024.jpg 1024w, https:\/\/frimed.de\/wp-content\/uploads\/2022\/11\/Laser_square-300x300.jpg 300w, https:\/\/frimed.de\/wp-content\/uploads\/2022\/11\/Laser_square-150x150.jpg 150w, https:\/\/frimed.de\/wp-content\/uploads\/2022\/11\/Laser_square-768x768.jpg 768w, https:\/\/frimed.de\/wp-content\/uploads\/2022\/11\/Laser_square.jpg 1500w\" sizes=\"(max-width: 1024px) 100vw, 1024px\" \/>\t\t\t\t\t\t\t\t\t\t\t\t\t\t\t<\/div>\n\t\t\t\t<\/div>\n\t\t\t\t\t<\/div>\n\t\t<\/div>\n\t\t\t\t\t<\/div>\n\t\t<\/section>\n\t\t\t\t\t<\/div>\n\t\t<\/div>\n\t\t\t\t\t<\/div>\n\t\t<\/section>\n\t\t\t\t<section class=\"elementor-section elementor-top-section elementor-element elementor-element-6a50e2e6 elementor-section-height-min-height elementor-section-boxed elementor-section-height-default elementor-section-items-middle\" data-id=\"6a50e2e6\" data-element_type=\"section\" data-e-type=\"section\" data-settings=\"{&quot;background_background&quot;:&quot;classic&quot;}\">\n\t\t\t\t\t\t<div class=\"elementor-container elementor-column-gap-default\">\n\t\t\t\t\t<div class=\"elementor-column elementor-col-50 elementor-top-column elementor-element elementor-element-afc661b\" data-id=\"afc661b\" data-element_type=\"column\" data-e-type=\"column\">\n\t\t\t<div class=\"elementor-widget-wrap elementor-element-populated\">\n\t\t\t\t\t\t<div class=\"elementor-element elementor-element-65d4299b elementor-widget elementor-widget-heading\" data-id=\"65d4299b\" data-element_type=\"widget\" data-e-type=\"widget\" data-widget_type=\"heading.default\">\n\t\t\t\t<div class=\"elementor-widget-container\">\n\t\t\t\t\t<h1 class=\"elementor-heading-title elementor-size-default\">Si es que realmente existe una f\u00f3rmula\npara el \u00e9xito, \u00e9sta consiste en ponerse en\nlugar del otro.<\/h1>\t\t\t\t<\/div>\n\t\t\t\t<\/div>\n\t\t\t\t<div class=\"elementor-element elementor-element-2f5dbcbc elementor-widget elementor-widget-text-editor\" data-id=\"2f5dbcbc\" data-element_type=\"widget\" data-e-type=\"widget\" data-widget_type=\"text-editor.default\">\n\t\t\t\t<div class=\"elementor-widget-container\">\n\t\t\t\t\t\t\t\t\tARTHUR SCHOPENHAUER\t\t\t\t\t\t\t\t<\/div>\n\t\t\t\t<\/div>\n\t\t\t\t\t<\/div>\n\t\t<\/div>\n\t\t\t\t<div class=\"elementor-column elementor-col-50 elementor-top-column elementor-element elementor-element-48737bff\" data-id=\"48737bff\" data-element_type=\"column\" data-e-type=\"column\">\n\t\t\t<div class=\"elementor-widget-wrap\">\n\t\t\t\t\t\t\t<\/div>\n\t\t<\/div>\n\t\t\t\t\t<\/div>\n\t\t<\/section>\n\t\t\t\t<\/div>\n\t\t","protected":false},"excerpt":{"rendered":"<p>En FRIMED, el SERVICIO se escribe con may\u00fasculas La cartera de productos de FRIMED contiene instrumentos quir\u00fargicos para todas las especialidades quir\u00fargicas habituales, como la ginecolog\u00eda, urolog\u00eda, cirug\u00eda vascular, otolog\u00eda, rinolog\u00eda, dermatolog\u00eda, neurocirug\u00eda, etc. Los flujos de trabajo sistem\u00e1ticos encadenados &hellip; <a class=\"kt-excerpt-readmore\" href=\"https:\/\/frimed.de\/es\/index.php\/servicio\/\" aria-label=\"Servicio\">Leer m&aacute;s<\/a><\/p>\n","protected":false},"author":1,"featured_media":0,"parent":0,"menu_order":4,"comment_status":"closed","ping_status":"closed","template":"elementor_header_footer","meta":{"footnotes":""},"class_list":["post-1734","page","type-page","status-publish","hentry"],"_links":{"self":[{"href":"https:\/\/frimed.de\/es\/index.php\/wp-json\/wp\/v2\/pages\/1734","targetHints":{"allow":["GET"]}}],"collection":[{"href":"https:\/\/frimed.de\/es\/index.php\/wp-json\/wp\/v2\/pages"}],"about":[{"href":"https:\/\/frimed.de\/es\/index.php\/wp-json\/wp\/v2\/types\/page"}],"author":[{"embeddable":true,"href":"https:\/\/frimed.de\/es\/index.php\/wp-json\/wp\/v2\/users\/1"}],"replies":[{"embeddable":true,"href":"https:\/\/frimed.de\/es\/index.php\/wp-json\/wp\/v2\/comments?post=1734"}],"version-history":[{"count":0,"href":"https:\/\/frimed.de\/es\/index.php\/wp-json\/wp\/v2\/pages\/1734\/revisions"}],"wp:attachment":[{"href":"https:\/\/frimed.de\/es\/index.php\/wp-json\/wp\/v2\/media?parent=1734"}],"curies":[{"name":"wp","href":"https:\/\/api.w.org\/{rel}","templated":true}]}}