{"id":1732,"date":"2020-12-08T11:31:01","date_gmt":"2020-12-08T10:31:01","guid":{"rendered":"https:\/\/frimed.de\/index.php\/calidad\/"},"modified":"2026-03-09T14:40:36","modified_gmt":"2026-03-09T13:40:36","slug":"calidad","status":"publish","type":"page","link":"https:\/\/frimed.de\/es\/index.php\/calidad\/","title":{"rendered":"Calidad"},"content":{"rendered":"\t\t<div data-elementor-type=\"wp-post\" data-elementor-id=\"1732\" class=\"elementor elementor-1732 elementor-1159\">\n\t\t\t\t\t\t<section class=\"elementor-section elementor-top-section elementor-element elementor-element-560d3503 elementor-section-height-min-height elementor-section-boxed elementor-section-height-default elementor-section-items-middle\" data-id=\"560d3503\" data-element_type=\"section\" data-e-type=\"section\" data-settings=\"{&quot;background_background&quot;:&quot;classic&quot;}\">\n\t\t\t\t\t\t<div class=\"elementor-container elementor-column-gap-default\">\n\t\t\t\t\t<div class=\"elementor-column elementor-col-100 elementor-top-column elementor-element elementor-element-4b86bbdc\" data-id=\"4b86bbdc\" data-element_type=\"column\" data-e-type=\"column\">\n\t\t\t<div class=\"elementor-widget-wrap elementor-element-populated\">\n\t\t\t\t\t\t<div class=\"elementor-element elementor-element-687842f6 elementor-widget elementor-widget-spacer\" data-id=\"687842f6\" data-element_type=\"widget\" data-e-type=\"widget\" data-widget_type=\"spacer.default\">\n\t\t\t\t<div class=\"elementor-widget-container\">\n\t\t\t\t\t\t\t<div class=\"elementor-spacer\">\n\t\t\t<div class=\"elementor-spacer-inner\"><\/div>\n\t\t<\/div>\n\t\t\t\t\t\t<\/div>\n\t\t\t\t<\/div>\n\t\t\t\t\t<\/div>\n\t\t<\/div>\n\t\t\t\t\t<\/div>\n\t\t<\/section>\n\t\t\t\t<section class=\"elementor-section elementor-top-section elementor-element elementor-element-61827726 elementor-section-boxed elementor-section-height-default elementor-section-height-default\" data-id=\"61827726\" data-element_type=\"section\" data-e-type=\"section\">\n\t\t\t\t\t\t<div class=\"elementor-container elementor-column-gap-default\">\n\t\t\t\t\t<div class=\"elementor-column elementor-col-100 elementor-top-column elementor-element elementor-element-6e162993\" data-id=\"6e162993\" data-element_type=\"column\" data-e-type=\"column\">\n\t\t\t<div class=\"elementor-widget-wrap elementor-element-populated\">\n\t\t\t\t\t\t<div class=\"elementor-element elementor-element-39316376 elementor-widget elementor-widget-heading\" data-id=\"39316376\" data-element_type=\"widget\" data-e-type=\"widget\" data-widget_type=\"heading.default\">\n\t\t\t\t<div class=\"elementor-widget-container\">\n\t\t\t\t\t<h1 class=\"elementor-heading-title elementor-size-default\">Productos de m\u00e1xima calidad\n<\/h1>\t\t\t\t<\/div>\n\t\t\t\t<\/div>\n\t\t\t\t<section class=\"elementor-section elementor-inner-section elementor-element elementor-element-2f6fa524 elementor-section-boxed elementor-section-height-default elementor-section-height-default\" data-id=\"2f6fa524\" data-element_type=\"section\" data-e-type=\"section\">\n\t\t\t\t\t\t<div class=\"elementor-container elementor-column-gap-default\">\n\t\t\t\t\t<div class=\"elementor-column elementor-col-50 elementor-inner-column elementor-element elementor-element-667cf3c1\" data-id=\"667cf3c1\" data-element_type=\"column\" data-e-type=\"column\">\n\t\t\t<div class=\"elementor-widget-wrap elementor-element-populated\">\n\t\t\t\t\t\t<div class=\"elementor-element elementor-element-4133053 elementor-widget elementor-widget-text-editor\" data-id=\"4133053\" data-element_type=\"widget\" data-e-type=\"widget\" data-widget_type=\"text-editor.default\">\n\t\t\t\t<div class=\"elementor-widget-container\">\n\t\t\t\t\t\t\t\t\t<p>Para conseguir y mantener la m\u00e1xima calidad es necesaria una buena combinaci\u00f3n de tradici\u00f3n e innovaci\u00f3n. Continuar mejorando los productos ya existentes solamente es posible si se vinculan la habilidad manual y la t\u00e9cnica CNC m\u00e1s moderna. De este modo siempre estamos a la altura de los tiempos, reconocemos con la debida antelaci\u00f3n los nuevos requerimientos y seguimos desarrollando nuestros instrumentos en ese sentido.<\/p><p>Si bien, nuestra pretensi\u00f3n de calidad ya empieza con las materias primas. No aceptamos compromisos y utilizamos principalmente aceros al cromo inoxidables. Los controles de calidad se realizan ininterrumpidamente en todo el proceso de producci\u00f3n. Esto garantiza la excelente fidelidad de producto y modelo de los instrumentos FRIMED. Mediante la realizaci\u00f3n de auditor\u00edas peri\u00f3dicas anuales y certificaciones por parte de MDC se garantiza que cumplimos permanentemente todos los requisitos de las normas respectivamente en vigor.<\/p><p>Todos los instrumentos suministrados por FRIMED est\u00e1n dotados de n\u00fameros de art\u00edculo y, naturalmente, tambi\u00e9n de la marca CE al objeto de facilitar su identificaci\u00f3n y readquisici\u00f3n.<\/p>\t\t\t\t\t\t\t\t<\/div>\n\t\t\t\t<\/div>\n\t\t\t\t\t<\/div>\n\t\t<\/div>\n\t\t\t\t<div class=\"elementor-column elementor-col-50 elementor-inner-column elementor-element elementor-element-1160d49e\" data-id=\"1160d49e\" data-element_type=\"column\" data-e-type=\"column\">\n\t\t\t<div class=\"elementor-widget-wrap elementor-element-populated\">\n\t\t\t\t\t\t<div class=\"elementor-element elementor-element-36178711 elementor-widget elementor-widget-image\" data-id=\"36178711\" data-element_type=\"widget\" data-e-type=\"widget\" data-widget_type=\"image.default\">\n\t\t\t\t<div class=\"elementor-widget-container\">\n\t\t\t\t\t\t\t\t\t\t\t\t\t\t\t<img fetchpriority=\"high\" decoding=\"async\" width=\"1024\" height=\"1024\" src=\"https:\/\/frimed.de\/wp-content\/uploads\/2022\/11\/Zange_Waage_square-1024x1024.jpg\" class=\"attachment-large size-large wp-image-2484\" alt=\"\" srcset=\"https:\/\/frimed.de\/wp-content\/uploads\/2022\/11\/Zange_Waage_square-1024x1024.jpg 1024w, https:\/\/frimed.de\/wp-content\/uploads\/2022\/11\/Zange_Waage_square-300x300.jpg 300w, https:\/\/frimed.de\/wp-content\/uploads\/2022\/11\/Zange_Waage_square-150x150.jpg 150w, https:\/\/frimed.de\/wp-content\/uploads\/2022\/11\/Zange_Waage_square-768x768.jpg 768w, https:\/\/frimed.de\/wp-content\/uploads\/2022\/11\/Zange_Waage_square.jpg 1500w\" sizes=\"(max-width: 1024px) 100vw, 1024px\" \/>\t\t\t\t\t\t\t\t\t\t\t\t\t\t\t<\/div>\n\t\t\t\t<\/div>\n\t\t\t\t\t<\/div>\n\t\t<\/div>\n\t\t\t\t\t<\/div>\n\t\t<\/section>\n\t\t\t\t\t<\/div>\n\t\t<\/div>\n\t\t\t\t\t<\/div>\n\t\t<\/section>\n\t\t\t\t<section class=\"elementor-section elementor-top-section elementor-element elementor-element-70d717c7 elementor-section-boxed elementor-section-height-default elementor-section-height-default\" data-id=\"70d717c7\" data-element_type=\"section\" data-e-type=\"section\">\n\t\t\t\t\t\t<div class=\"elementor-container elementor-column-gap-default\">\n\t\t\t\t\t<div class=\"elementor-column elementor-col-100 elementor-top-column elementor-element elementor-element-48f6bc19\" data-id=\"48f6bc19\" data-element_type=\"column\" data-e-type=\"column\">\n\t\t\t<div class=\"elementor-widget-wrap elementor-element-populated\">\n\t\t\t\t\t\t<div class=\"elementor-element elementor-element-339c3f0c elementor-widget elementor-widget-heading\" data-id=\"339c3f0c\" data-element_type=\"widget\" data-e-type=\"widget\" data-widget_type=\"heading.default\">\n\t\t\t\t<div class=\"elementor-widget-container\">\n\t\t\t\t\t<h1 class=\"elementor-heading-title elementor-size-default\">Calidad significa que el cliente vuelve\ny no la mercanc\u00eda.<\/h1>\t\t\t\t<\/div>\n\t\t\t\t<\/div>\n\t\t\t\t<section class=\"elementor-section elementor-inner-section elementor-element elementor-element-1287cb59 elementor-section-boxed elementor-section-height-default elementor-section-height-default\" data-id=\"1287cb59\" data-element_type=\"section\" data-e-type=\"section\">\n\t\t\t\t\t\t<div class=\"elementor-container elementor-column-gap-default\">\n\t\t\t\t\t<div class=\"elementor-column elementor-col-50 elementor-inner-column elementor-element elementor-element-5f6d749d\" data-id=\"5f6d749d\" data-element_type=\"column\" data-e-type=\"column\">\n\t\t\t<div class=\"elementor-widget-wrap elementor-element-populated\">\n\t\t\t\t\t\t<div class=\"elementor-element elementor-element-393d83ec elementor-widget elementor-widget-image\" data-id=\"393d83ec\" data-element_type=\"widget\" data-e-type=\"widget\" data-widget_type=\"image.default\">\n\t\t\t\t<div class=\"elementor-widget-container\">\n\t\t\t\t\t\t\t\t\t\t\t\t\t\t\t\t<a href=\"https:\/\/frimed.de\/wp-content\/uploads\/2024\/11\/D1034300034_E_sig.pdf\" target=\"_blank\">\n\t\t\t\t\t\t\t<img decoding=\"async\" width=\"727\" height=\"1024\" src=\"https:\/\/frimed.de\/wp-content\/uploads\/2024\/11\/Certificate_E_2024-727x1024.jpg\" class=\"attachment-large size-large wp-image-3086\" alt=\"\" srcset=\"https:\/\/frimed.de\/wp-content\/uploads\/2024\/11\/Certificate_E_2024-727x1024.jpg 727w, https:\/\/frimed.de\/wp-content\/uploads\/2024\/11\/Certificate_E_2024-213x300.jpg 213w, https:\/\/frimed.de\/wp-content\/uploads\/2024\/11\/Certificate_E_2024-768x1082.jpg 768w, https:\/\/frimed.de\/wp-content\/uploads\/2024\/11\/Certificate_E_2024-1090x1536.jpg 1090w, https:\/\/frimed.de\/wp-content\/uploads\/2024\/11\/Certificate_E_2024-1453x2048.jpg 1453w, https:\/\/frimed.de\/wp-content\/uploads\/2024\/11\/Certificate_E_2024.jpg 1700w\" sizes=\"(max-width: 727px) 100vw, 727px\" \/>\t\t\t\t\t\t\t\t<\/a>\n\t\t\t\t\t\t\t\t\t\t\t\t\t\t\t<\/div>\n\t\t\t\t<\/div>\n\t\t\t\t\t<\/div>\n\t\t<\/div>\n\t\t\t\t<div class=\"elementor-column elementor-col-50 elementor-inner-column elementor-element elementor-element-5cbac030\" data-id=\"5cbac030\" data-element_type=\"column\" data-e-type=\"column\">\n\t\t\t<div class=\"elementor-widget-wrap elementor-element-populated\">\n\t\t\t\t\t\t<div class=\"elementor-element elementor-element-4977f3a2 elementor-widget elementor-widget-image\" data-id=\"4977f3a2\" data-element_type=\"widget\" data-e-type=\"widget\" data-widget_type=\"image.default\">\n\t\t\t\t<div class=\"elementor-widget-container\">\n\t\t\t\t\t\t\t\t\t\t\t\t\t\t\t\t<a href=\"https:\/\/frimed.de\/wp-content\/uploads\/2026\/03\/D1034300036_E_sig.pdf\" target=\"_blank\">\n\t\t\t\t\t\t\t<img decoding=\"async\" width=\"727\" height=\"1024\" src=\"https:\/\/frimed.de\/wp-content\/uploads\/2026\/03\/Certificate_E_2026_EU-Quality-Management-Sxstem-Certificate-2-727x1024.jpg\" class=\"attachment-large size-large wp-image-3143\" alt=\"\" srcset=\"https:\/\/frimed.de\/wp-content\/uploads\/2026\/03\/Certificate_E_2026_EU-Quality-Management-Sxstem-Certificate-2-727x1024.jpg 727w, https:\/\/frimed.de\/wp-content\/uploads\/2026\/03\/Certificate_E_2026_EU-Quality-Management-Sxstem-Certificate-2-213x300.jpg 213w, https:\/\/frimed.de\/wp-content\/uploads\/2026\/03\/Certificate_E_2026_EU-Quality-Management-Sxstem-Certificate-2-768x1082.jpg 768w, https:\/\/frimed.de\/wp-content\/uploads\/2026\/03\/Certificate_E_2026_EU-Quality-Management-Sxstem-Certificate-2-1090x1536.jpg 1090w, https:\/\/frimed.de\/wp-content\/uploads\/2026\/03\/Certificate_E_2026_EU-Quality-Management-Sxstem-Certificate-2-1453x2048.jpg 1453w, https:\/\/frimed.de\/wp-content\/uploads\/2026\/03\/Certificate_E_2026_EU-Quality-Management-Sxstem-Certificate-2.jpg 1700w\" sizes=\"(max-width: 727px) 100vw, 727px\" \/>\t\t\t\t\t\t\t\t<\/a>\n\t\t\t\t\t\t\t\t\t\t\t\t\t\t\t<\/div>\n\t\t\t\t<\/div>\n\t\t\t\t\t<\/div>\n\t\t<\/div>\n\t\t\t\t\t<\/div>\n\t\t<\/section>\n\t\t\t\t\t<\/div>\n\t\t<\/div>\n\t\t\t\t\t<\/div>\n\t\t<\/section>\n\t\t\t\t<section class=\"elementor-section elementor-top-section elementor-element elementor-element-3d8bb52c elementor-section-height-min-height elementor-section-boxed elementor-section-height-default elementor-section-items-middle\" data-id=\"3d8bb52c\" data-element_type=\"section\" data-e-type=\"section\" data-settings=\"{&quot;background_background&quot;:&quot;classic&quot;}\">\n\t\t\t\t\t\t<div class=\"elementor-container elementor-column-gap-default\">\n\t\t\t\t\t<div class=\"elementor-column elementor-col-50 elementor-top-column elementor-element elementor-element-1adfaf51\" data-id=\"1adfaf51\" data-element_type=\"column\" data-e-type=\"column\">\n\t\t\t<div class=\"elementor-widget-wrap elementor-element-populated\">\n\t\t\t\t\t\t<div class=\"elementor-element elementor-element-1a697ba7 elementor-widget elementor-widget-heading\" data-id=\"1a697ba7\" data-element_type=\"widget\" data-e-type=\"widget\" data-widget_type=\"heading.default\">\n\t\t\t\t<div class=\"elementor-widget-container\">\n\t\t\t\t\t<h1 class=\"elementor-heading-title elementor-size-default\">Calidad significa que el cliente vuelve\ny no la mercanc\u00eda.<\/h1>\t\t\t\t<\/div>\n\t\t\t\t<\/div>\n\t\t\t\t<div class=\"elementor-element elementor-element-3c131eb6 elementor-widget elementor-widget-text-editor\" data-id=\"3c131eb6\" data-element_type=\"widget\" data-e-type=\"widget\" data-widget_type=\"text-editor.default\">\n\t\t\t\t<div class=\"elementor-widget-container\">\n\t\t\t\t\t\t\t\t\t<p>HERMANN TIETZ<\/p>\t\t\t\t\t\t\t\t<\/div>\n\t\t\t\t<\/div>\n\t\t\t\t\t<\/div>\n\t\t<\/div>\n\t\t\t\t<div class=\"elementor-column elementor-col-50 elementor-top-column elementor-element elementor-element-6f045c6e\" data-id=\"6f045c6e\" data-element_type=\"column\" data-e-type=\"column\">\n\t\t\t<div class=\"elementor-widget-wrap\">\n\t\t\t\t\t\t\t<\/div>\n\t\t<\/div>\n\t\t\t\t\t<\/div>\n\t\t<\/section>\n\t\t\t\t<\/div>\n\t\t","protected":false},"excerpt":{"rendered":"<p>Productos de m\u00e1xima calidad Para conseguir y mantener la m\u00e1xima calidad es necesaria una buena combinaci\u00f3n de tradici\u00f3n e innovaci\u00f3n. Continuar mejorando los productos ya existentes solamente es posible si se vinculan la habilidad manual y la t\u00e9cnica CNC m\u00e1s &hellip; <a class=\"kt-excerpt-readmore\" href=\"https:\/\/frimed.de\/es\/index.php\/calidad\/\" aria-label=\"Calidad\">Leer m&aacute;s<\/a><\/p>\n","protected":false},"author":1,"featured_media":0,"parent":0,"menu_order":3,"comment_status":"closed","ping_status":"closed","template":"elementor_header_footer","meta":{"footnotes":""},"class_list":["post-1732","page","type-page","status-publish","hentry"],"_links":{"self":[{"href":"https:\/\/frimed.de\/es\/index.php\/wp-json\/wp\/v2\/pages\/1732","targetHints":{"allow":["GET"]}}],"collection":[{"href":"https:\/\/frimed.de\/es\/index.php\/wp-json\/wp\/v2\/pages"}],"about":[{"href":"https:\/\/frimed.de\/es\/index.php\/wp-json\/wp\/v2\/types\/page"}],"author":[{"embeddable":true,"href":"https:\/\/frimed.de\/es\/index.php\/wp-json\/wp\/v2\/users\/1"}],"replies":[{"embeddable":true,"href":"https:\/\/frimed.de\/es\/index.php\/wp-json\/wp\/v2\/comments?post=1732"}],"version-history":[{"count":0,"href":"https:\/\/frimed.de\/es\/index.php\/wp-json\/wp\/v2\/pages\/1732\/revisions"}],"wp:attachment":[{"href":"https:\/\/frimed.de\/es\/index.php\/wp-json\/wp\/v2\/media?parent=1732"}],"curies":[{"name":"wp","href":"https:\/\/api.w.org\/{rel}","templated":true}]}}